{"id":34,"date":"2024-01-13T18:58:36","date_gmt":"2024-01-13T17:58:36","guid":{"rendered":"http:\/\/mi4.hu\/?page_id=34"},"modified":"2024-01-15T19:51:17","modified_gmt":"2024-01-15T18:51:17","slug":"about","status":"publish","type":"page","link":"https:\/\/mi4.hu\/index.php\/about\/","title":{"rendered":"R\u00f3lunk \/ About us"},"content":{"rendered":"\n<figure class=\"wp-block-image size-full\"><img loading=\"lazy\" decoding=\"async\" width=\"1024\" height=\"1024\" src=\"https:\/\/mi4.hu\/wp-content\/uploads\/2024\/01\/5698e593-b660-430b-92d6-66121623a441-1.jpg\" alt=\"\" class=\"wp-image-72\" srcset=\"https:\/\/mi4.hu\/wp-content\/uploads\/2024\/01\/5698e593-b660-430b-92d6-66121623a441-1.jpg 1024w, https:\/\/mi4.hu\/wp-content\/uploads\/2024\/01\/5698e593-b660-430b-92d6-66121623a441-1-300x300.jpg 300w, https:\/\/mi4.hu\/wp-content\/uploads\/2024\/01\/5698e593-b660-430b-92d6-66121623a441-1-150x150.jpg 150w, https:\/\/mi4.hu\/wp-content\/uploads\/2024\/01\/5698e593-b660-430b-92d6-66121623a441-1-768x768.jpg 768w\" sizes=\"auto, (max-width: 1024px) 100vw, 1024px\" \/><\/figure>\n\n\n\n<p>Magyar: <\/p>\n\n\n\n<p>C\u00e9g\u00fcnk laborinformatikai rendszerekkel, azok menedzsel\u00e9s\u00e9vel \u00e9s teljes k\u00f6r\u0171 illeszt\u00e9s\u00e9vel foglalkozik. Kiemelt szerepet j\u00e1tszik c\u00e9g\u00fcnk profilj\u00e1ban a belga <strong>Clinisys<\/strong> c\u00e9g <strong>Glims<\/strong> komplex laborinformatikai rendszer, mellyel kapcsolatosan koll\u00e9g\u00e1ink \u00e9vtizedes tapasztalattal rendelkeznek. <br>Profilunkba tartozik ezzel egy\u00fctt a LIS rendszerekhez t\u00f6rt\u00e9n\u0151 automata illeszt\u00e9sek, modulok, LIS megold\u00e1sokkal kapcsolatos tan\u00e1csad\u00e1s, projektvezet\u00e9s, labormunka vagy \u00e9ppen support folyamat ny\u00fajt\u00e1sa. <br><br>Partnereink Eur\u00f3pa szerte tal\u00e1lhat\u00f3k, vannak magyar, szlov\u00e1k vagy \u00e9ppen finn \u00e9s belga munkakapcsolataink is. Referenci\u00e1ink k\u00f6z\u00f6tt szerepel p\u00e9ld\u00e1ul a Synlab Magyarorsz\u00e1g sz\u00e1m\u00e1ra kialak\u00edtott orsz\u00e1gos laborh\u00e1l\u00f3zat kezel\u00e9se, kiterjeszt\u00e9se, fejleszt\u00e9se \u00e9s supportja valamint t\u00f6bb labor sz\u00e1m\u00e1ra a Glims rendszer bevezet\u00e9se \u00e9s teljes k\u00f6r\u0171 illeszt\u00e9se. <\/p>\n\n\n\n<p>English: <\/p>\n\n\n\n<p>Our company deals with laboratory IT systems, their management and full integration. The <strong>Glims<\/strong> complex laboratory informatics system, from the Belgian company <strong>Clinisys<\/strong>, plays a prominent role in our company&#8217;s profile, and our colleagues have decades of experience with this system. <br>Our profile also includes automatic interfaces to LIS systems, modules, consultancy on LIS solutions, project management, lab work and support processes. Our partners are located all over Europe and we have working relationships in Hungary, Slovakia, Finland and Belgium. <\/p>\n\n\n\n<p>Our references include the management, extension, development and support of a national laboratory network for Synlab Hungary and the implementation and full integration of the Glims system for several laboratories.<\/p>\n","protected":false},"excerpt":{"rendered":"<p>Magyar: C\u00e9g\u00fcnk laborinformatikai rendszerekkel, azok menedzsel\u00e9s\u00e9vel \u00e9s teljes k\u00f6r\u0171 illeszt\u00e9s\u00e9vel foglalkozik. Kiemelt szerepet j\u00e1tszik c\u00e9g\u00fcnk profilj\u00e1ban a belga Clinisys c\u00e9g Glims komplex laborinformatikai rendszer, mellyel kapcsolatosan koll\u00e9g\u00e1ink \u00e9vtizedes tapasztalattal rendelkeznek. Profilunkba tartozik ezzel egy\u00fctt a LIS rendszerekhez t\u00f6rt\u00e9n\u0151 automata illeszt\u00e9sek, modulok, LIS megold\u00e1sokkal kapcsolatos tan\u00e1csad\u00e1s, projektvezet\u00e9s, labormunka vagy \u00e9ppen support folyamat ny\u00fajt\u00e1sa. Partnereink Eur\u00f3pa szerte [&hellip;]<\/p>\n","protected":false},"author":1,"featured_media":8,"parent":0,"menu_order":0,"comment_status":"closed","ping_status":"closed","template":"","meta":{"footnotes":""},"class_list":["post-34","page","type-page","status-publish","has-post-thumbnail","hentry"],"_links":{"self":[{"href":"https:\/\/mi4.hu\/index.php\/wp-json\/wp\/v2\/pages\/34","targetHints":{"allow":["GET"]}}],"collection":[{"href":"https:\/\/mi4.hu\/index.php\/wp-json\/wp\/v2\/pages"}],"about":[{"href":"https:\/\/mi4.hu\/index.php\/wp-json\/wp\/v2\/types\/page"}],"author":[{"embeddable":true,"href":"https:\/\/mi4.hu\/index.php\/wp-json\/wp\/v2\/users\/1"}],"replies":[{"embeddable":true,"href":"https:\/\/mi4.hu\/index.php\/wp-json\/wp\/v2\/comments?post=34"}],"version-history":[{"count":1,"href":"https:\/\/mi4.hu\/index.php\/wp-json\/wp\/v2\/pages\/34\/revisions"}],"predecessor-version":[{"id":76,"href":"https:\/\/mi4.hu\/index.php\/wp-json\/wp\/v2\/pages\/34\/revisions\/76"}],"wp:featuredmedia":[{"embeddable":true,"href":"https:\/\/mi4.hu\/index.php\/wp-json\/"}],"wp:attachment":[{"href":"https:\/\/mi4.hu\/index.php\/wp-json\/wp\/v2\/media?parent=34"}],"curies":[{"name":"wp","href":"https:\/\/api.w.org\/{rel}","templated":true}]}}